{"id":4073,"date":"2022-01-24T10:02:18","date_gmt":"2022-01-24T09:02:18","guid":{"rendered":"http:\/\/dev.site.contabilizzatoricalore.it\/?page_id=4073"},"modified":"2022-02-01T13:04:26","modified_gmt":"2022-02-01T12:04:26","slug":"chi-siamo-2-3","status":"publish","type":"page","link":"https:\/\/www.contabilizzazionecalore.cloud\/?page_id=4073","title":{"rendered":"Come funziona"},"content":{"rendered":"<p>[vc_row][vc_column][vc_column_text]<\/p>\n<h1>Come funziona<\/h1>\n<p><span style=\"font-weight: 400;\">La contabilizzazione del calore \u00e8 un sistema razionale e <\/span><b>molto semplice<\/b><span style=\"font-weight: 400;\">, che consiste nell&#8217;apportare all&#8217;impianto centralizzato, delle migliorie nella gestione per utilizzare &#8211; e pagare &#8211; il riscaldamento secondo l&#8217;<strong>effettivo consumo<\/strong>, come oggi gi\u00e0 facciamo con l&#8217;energia elettrica, il gas, l&#8217;acqua, con la naturale conseguenza di evitare sprechi e pagare, quindi, l&#8217;erogazione di calore utilizzata.\u00a0<\/span>[\/vc_column_text]\t<style>\n\t\t.porto-blockquote475657846 blockquote { border-color: #eeeeee; }\n\t<\/style>\n\t<div class=\"porto-blockquote wpb_content_element  porto-blockquote475657846\"><blockquote class=\" blockquote-reverse \"><p>Si potr\u00e0 quindi utilizzare il calore secondo le proprie esigenze regolando la <strong>temperatura dei singoli ambienti<\/strong> a piacimento (termoregolazione),\u00a0 accendendo e spegnendo i termosifoni secondo le proprie esigenze, fino a diminuire o chiudere l&#8217;erogazione in alcune stanze, e pagando in base al consumo rilevato.<\/p><\/blockquote><\/div>[vc_column_text]Finalmente tutti i condomini, pur avendo un unico impianto, potranno essere autonomi senza dover accordarsi con i propri vicini e senza dover rivoluzionare il proprio appartamento, mantenendo dei costi enormemente pi\u00f9 contenuti rispetto a un impianto singolo.<\/p>\n<p>Ciascun condomino disporr\u00e0 di una gestione quasi uguale a quella di un impianto unifamiliare, senza dover pi\u00f9 discutere sugli orari e sul pagamento.[\/vc_column_text][\/vc_column][\/vc_row][vc_row equal_height=&#8221;yes&#8221; css=&#8221;.vc_custom_1642673679467{padding-top: 25px !important;}&#8221;][vc_column][vc_column_text]<\/p>\n<h4>Risparmiare energia e denaro utilizzando l&#8217;impianto centralizzato autonomamente<\/h4>\n<p>[\/vc_column_text][vc_single_image image=&#8221;3856&#8243; img_size=&#8221;full&#8221; css=&#8221;.vc_custom_1643362525112{margin-bottom: 15px !important;}&#8221;][vc_column_text]La possibilit\u00e0 d&#8217;indipendenza data dall&#8217;impianto di termoregolazione e contabilizzazione di calore, permette anche un&#8217;oculata gestione del proprio appartamento, tenendo presente che le valvole termostatiche risentono anche di apporti termici diversi da quelli generati dal riscaldamento, come l&#8217;esposizione al sole del locale, la presenza di una cucina, un forno, altre fonti esterne. Tenere conto di questi fattori consente di <strong>razionalizzare il consumo di combustibile<\/strong> e quindi anche <strong>la spesa<\/strong>, e le relative immissioni di gas nocivi in ambiente.<\/p>\n<p>Esperienze fatte su molti condomini, hanno dato come risultato un risparmio globale, a livello di combustibile, di una percentuale variabile da un minimo del 18% ad un massimo del 40%.<\/p>\n<p>In base al DPR 412\/93 (norme di applicazione della legge 10\/91 del 09\/01\/91), l&#8217;impianto termico centralizzato, ove venga installato un impianto di contabilizzazione di calore e termoregolazione sia in centrale termica che negli appartamenti, pu\u00f2 <strong>estendere l&#8217;orario<\/strong> di accensione, rispettando le temperature e i limiti previsti. In breve la caldaia potrebbe rimanere accesa anche 24 ore su 24.<\/p>\n<p>Cos\u00ec facendo garantiremmo all&#8217;impianto di riscaldamento nelle parti comuni, quali ad esempio le colonne portanti, che attraversano dal basso verso l&#8217;alto tutto quasi le pareti dell&#8217;edificio, un mantenimento termico costante e continuo, lontano da accensioni e spegnimenti continui, dannosi tecnicamente per l&#8217;impianto ed economicamente onerosi per i condomini.<\/p>\n<p>L&#8217;impianto di contabilizzazione e termoregolazione consente a tutti i cond\u00f2mini di prelevare calore solo quando necessario, svincolandosi cos\u00ec da orari che non soddisfano le proprie necessit\u00e0, <strong>evitando di scaldare l&#8217;appartamento quando non se ne ha bisogno<\/strong>, per esempio quando non si \u00e8 in casa, o quando le temperature raggiunte sono troppo alte e si considera il proprio comfort personale gi\u00e0 soddisfatto.<\/p>\n<p>Inoltre \u00e8 da tenere presente che le valvole termostatiche danno la possibilit\u00e0 di impostare <strong>temperature diverse nei vari ambienti<\/strong>, in modo che, per esempio, si possano avere 16\u00b0C in un salone poco frequentato, e 20\u00b0C in una stanza dove si sta studiando, lavorando o guardando la televisione. Inoltre sar\u00e0 possibile chiudere il termosifone di una stanza che non si occupa o chiudere tutti i termosifoni del proprio appartamento per periodi di assenza (in caso di settimana bianca, vacanza, viaggio di lavoro, appartamento sfitto).[\/vc_column_text][vc_raw_html]JTNDZGl2JTIwc3R5bGUlM0QlMjJwYWRkaW5nLWJvdHRvbSUzQSUyMDEwcHglM0IlMjIlM0UlMEElMjAlMjAlMjAlM0NhJTIwdGFyZ2V0JTNEJTIyX2JsYW5rJTIyJTIwc3R5bGUlM0QlMjJjb2xvciUzQSUyMCUyMzAyNjA5NyUzQiUyMGZvbnQtd2VpZ2h0JTNBJTIwNjAwJTNCJTIwdGV4dC1kZWNvcmF0aW9uJTNBJTIwdW5kZXJsaW5lJTNCJTIyJTIwaHJlZiUzRCUyMmh0dHBzJTNBJTJGJTJGd3d3LmNvbnRhYmlsaXp6YXppb25lY2Fsb3JlLmNsb3VkJTJGd3AtY29udGVudCUyRnVwbG9hZHMlMkYyMDIyJTJGMDElMkZjb21lX2Z1bnppb25hX3Jpc2NhbGRhbWVudG9fY29udGFiaWxpenphemlvbmUucGRmJTIyJTNFJTNDaW1nJTIwc3JjJTNEJTIyaHR0cHMlM0ElMkYlMkZ3d3cuY29udGFiaWxpenphemlvbmVjYWxvcmUuY2xvdWQlMkZ3cC1jb250ZW50JTJGdXBsb2FkcyUyRjIwMjIlMkYwMSUyRmRvd25sb2FkX2ljLnBuZyUyMiUyMHN0eWxlJTNEJTIybWFyZ2luLXJpZ2h0JTNBJTIwMTBweCUzQiUyMiUyMCUyRiUzRUd1aWRhJTIwYWwlMjBjb3JyZXR0byUyMHV0aWxpenpvJTIwZGVsJTIwcmlzY2FsZGFtZW50byUyMGNvbnRhYmlsaXp6YXRvJTNDJTJGYSUzRSUwQSUzQyUyRmRpdiUzRSUwQQ==[\/vc_raw_html][\/vc_column][\/vc_row]<\/p>\n","protected":false},"excerpt":{"rendered":"<p>[vc_row][vc_column][vc_column_text] Come funziona La contabilizzazione del calore \u00e8 un sistema razionale e molto semplice, che consiste nell&#8217;apportare all&#8217;impianto centralizzato, delle migliorie nella gestione per utilizzare &#8211; e pagare &#8211; il riscaldamento secondo l&#8217;effettivo consumo, come oggi gi\u00e0 facciamo con l&#8217;energia elettrica, il gas, l&#8217;acqua, con la naturale conseguenza di evitare sprechi e pagare, quindi, l&#8217;erogazione [&hellip;]<\/p>\n","protected":false},"author":1,"featured_media":0,"parent":0,"menu_order":0,"comment_status":"closed","ping_status":"closed","template":"","meta":[],"_links":{"self":[{"href":"https:\/\/www.contabilizzazionecalore.cloud\/index.php?rest_route=\/wp\/v2\/pages\/4073"}],"collection":[{"href":"https:\/\/www.contabilizzazionecalore.cloud\/index.php?rest_route=\/wp\/v2\/pages"}],"about":[{"href":"https:\/\/www.contabilizzazionecalore.cloud\/index.php?rest_route=\/wp\/v2\/types\/page"}],"author":[{"embeddable":true,"href":"https:\/\/www.contabilizzazionecalore.cloud\/index.php?rest_route=\/wp\/v2\/users\/1"}],"replies":[{"embeddable":true,"href":"https:\/\/www.contabilizzazionecalore.cloud\/index.php?rest_route=%2Fwp%2Fv2%2Fcomments&post=4073"}],"version-history":[{"count":17,"href":"https:\/\/www.contabilizzazionecalore.cloud\/index.php?rest_route=\/wp\/v2\/pages\/4073\/revisions"}],"predecessor-version":[{"id":4890,"href":"https:\/\/www.contabilizzazionecalore.cloud\/index.php?rest_route=\/wp\/v2\/pages\/4073\/revisions\/4890"}],"wp:attachment":[{"href":"https:\/\/www.contabilizzazionecalore.cloud\/index.php?rest_route=%2Fwp%2Fv2%2Fmedia&parent=4073"}],"curies":[{"name":"wp","href":"https:\/\/api.w.org\/{rel}","templated":true}]}}