{"id":4082,"date":"2022-01-24T11:07:44","date_gmt":"2022-01-24T10:07:44","guid":{"rendered":"http:\/\/dev.site.contabilizzatoricalore.it\/?page_id=4082"},"modified":"2022-02-04T12:45:59","modified_gmt":"2022-02-04T11:45:59","slug":"chi-siamo-4","status":"publish","type":"page","link":"https:\/\/www.contabilizzazionecalore.cloud\/?page_id=4082","title":{"rendered":"Impianti"},"content":{"rendered":"<p>[vc_row][vc_column][vc_column_text]<\/p>\n<h1>Impianti<\/h1>\n<p>Gli impianti si dividono in impianti verticali A (a colonne montanti) e orizzontali B (a zona). Negli impianti a colonne montanti \u00e8 possibile installare solamente un sistema di termoregolazione, costituito da valvole termostatiche, e un sistema di ripartizione dei costi, ovvero il ripartitore di calore.[\/vc_column_text][vc_row_inner equal_height=&#8221;yes&#8221;][vc_column_inner width=&#8221;7\/12&#8243;][vc_single_image image=&#8221;4085&#8243; img_size=&#8221;full&#8221;][\/vc_column_inner][vc_column_inner width=&#8221;5\/12&#8243;][vc_column_text]Negli impianti a zona \u00e8 possibile installare sia il sistema di termoregolazione su indicato, radiatore per radiatore, o una sola valvola motorizzata collegata ad un termostato, all&#8217;ingresso del circuito, chiamata &#8220;valvola di zona&#8221;. Mentre per quanto riguarda la contabilizzazione del calore, sar\u00e0 possibile installare sia il ripartitore di calore su ciascun radiatore sia un contatore di calore all&#8217;ingresso del circuito.<\/p>\n<p>Gli impianti a zona sono i meno frequenti fra quelli esistenti, bench\u00e9 di normale progettazione e realizzazione nelle nuove costruzioni.<\/p>\n<p>Il contatore di calore viene installato sulla tubazione dell&#8217;impianto di riscaldamento, all&#8217;ingresso del circuito di zona (dell&#8217;appartamento), ha la funzione di contabilizzare l&#8217;energia termica ceduta (contabilizzazione diretta) ed \u00e8 soggetto alla norma UNI EN 1434.[\/vc_column_text][\/vc_column_inner][\/vc_row_inner][vc_column_text]La valvola di zona motorizzata ha la funzione di aprire e chiudere il flusso di acqua calda al circuito e quindi all&#8217;appartamento. Se collegata ad un termostato o crono-termostato, consentir\u00e0 agli utilizzatori di poter <strong>regolare la temperatura che si desidera<\/strong> nell&#8217;appartamento e gli <strong>orari in cui si desidera<\/strong> avere o meno calore.<\/p>\n<p>Negli impianti a distribuzione verticale a colonne montanti, i sistemi di contabilizzazione di calore s&#8217;installano <strong>senza alcuna opera muraria<\/strong> e sono composti principalmente da due apparecchiature:<\/p>\n<ol>\n<li>un ripartitore di calore (contabilizzazione indiretta);<\/li>\n<li>una valvola termostatica.<\/li>\n<\/ol>\n<p>[\/vc_column_text][vc_row_inner equal_height=&#8221;yes&#8221;][vc_column_inner width=&#8221;1\/4&#8243;][vc_single_image image=&#8221;4086&#8243; img_size=&#8221;full&#8221;][\/vc_column_inner][vc_column_inner width=&#8221;3\/4&#8243;][vc_column_text]Il ripartitore \u00e8 uno strumento elettronico di <strong>ridottissime dimensioni<\/strong> che consente di ripartire la spesa del consumo di ogni singolo termosifone, riportandolo sul display e memorizzandolo al suo interno ogni anno. Di altissima qualit\u00e0 ed affidabilit\u00e0 e riconosciuto da tutti gli organi internazionali, ha ottenuto tutte le <strong>omologazioni europee<\/strong>, \u00e8 alimentato da una <strong>batteria interna che ha una durata di 10 anni<\/strong>, rispondente alle norme UNI EN 834.<\/p>\n<p>Il ripartitore viene fissato al proprio supporto di alluminio ad alta conducibilit\u00e0 su ogni singolo termosifone, in modo <strong>irremovibile<\/strong> e che non possa essere manomesso (esistono sistemi di fissaggio per qualsiasi tipo di termosifone vecchi e nuovi, in alluminio, in ghisa, in ferro) e <strong>sigillato<\/strong>.[\/vc_column_text][\/vc_column_inner][\/vc_row_inner][vc_row_inner][vc_column_inner][vc_column_text]La manomissione secondo la norma tecnica UNI 10200 punto 10 manomissioni:<\/p>\n<p>&#8220;L&#8217;utente \u00e8 responsabile dell&#8217;eventuale manomissione delle apparecchiature di contabilizzazione. Qualora vengano rilevati tentativi di alterazione della misura e manomissioni delle apparecchiature aventi lo scopo di prelevare calore in modo illecito, tali da rendere inattendibili le misure, il consumo va calcolato come previsto al punto precedente, fatte salve ulteriori misure in conformit\u00e0 alla legislazione vigente in merito.&#8221;<\/p>\n<p>In presenza di consumi ritenuti anomali, l&#8217;utente pu\u00f2 richiedere a sue spese la verifica delle apparecchiature.<\/p>\n<p>Qualora venissero riscontrati malfunzionamenti tali da rendere inattendibili le misure, il consumo va calcolato sulla base dei dati seguenti:<\/p>\n<ol type=\"a\">\n<li>valore medio dei tre anni precedenti, corretto per tenere conto dei gradi giorno del periodo considerato rispetto alla media dei periodi di riferimento;<\/li>\n<li>valore corrispondente alla media dei consumi di volumi equivalenti per posizione (piano) ed esposizione;<\/li>\n<li>valore previsto dal certificato energetico di cui alla legislazione vigente;<\/li>\n<\/ol>\n<p>Ogni ripartitore ha un proprio numero di riconoscimento (matricola stampata sulla cover) e in fase di installazione verr\u00e0 creata una apposita scheda di mappatura in cui saranno riportati tutti i dati relativi ai termosifoni (altezza, profondit\u00e0, lunghezza, numero di elementi, materiale, marca, modello, &#8230;) su cui si sta installando quel determinato apparecchio con quella determinata matricola, la loro ubicazione nell&#8217;appartamento, creando cos\u00ec, per ogni radiatore, una apposita scheda di riconoscimento.[\/vc_column_text][\/vc_column_inner][\/vc_row_inner][\/vc_column][\/vc_row][vc_row equal_height=&#8221;yes&#8221; css=&#8221;.vc_custom_1642611408741{padding-top: 25px !important;}&#8221;][vc_column][vc_column_text]<\/p>\n<h4>La scelta delle apparecchiature<\/h4>\n<p>[\/vc_column_text][vc_single_image image=&#8221;3856&#8243; img_size=&#8221;full&#8221; css=&#8221;.vc_custom_1643362485465{margin-bottom: 15px !important;}&#8221;][vc_column_text]Ogni apparecchio deve essere contraddistinto dalle omologazioni e certificazioni, dal marchio distintivo del produttore e del venditore, e consegnato con l&#8217;apposita documentazione tecnica quale il certificato di omologazione della <strong>reale<\/strong> industria costruttrice.<\/p>\n<p>Inoltre \u00e8 di <strong>fondamentale<\/strong> importanza verificare che il prodotto sia <strong>libero da vincoli installativi<\/strong>, manutentivi e di servizi, in quanto, qualora il condominio non sia pi\u00f9 soddisfatto dei servizi dell&#8217;azienda che li ha installati, <strong>deve avere la possibilit\u00e0 di rivolgersi a qualsiasi tecnico abilitato<\/strong> di sua fiducia, che possa accedere a tutti i dati necessari per una corretta manutenzione, lettura, programmazione, e ripartizione, senza dover obbligatoriamente essere costretto a rivolgersi esclusivamente alla casa costruttrice o venditrice, creando cos\u00ec vincolo di <strong>trasparenza dei dati e libera concorrenza<\/strong>.<\/p>\n<p>Diversamente, si costringerebbe il condominio, come unica alternativa, alla sostituzione del prodotto con uno <strong>libero<\/strong> ma sostenendo ulteriori spese da parte dei cond\u00f2mini.<\/p>\n<p>Dal momento che la sola installazione del ripartitore, pur permettendoci di ripartire il consumo di ogni singolo termosifone, non ci permette di gestire l&#8217;erogazione del calore viene installata (anche in questo caso senza nessuna opera muraria e senza alcuna modifica all&#8217;impianto esistente) una valvola termostatica, in sostituzione dell&#8217;attuale manopola di apertura e chiusura del termosifone. La valvola \u00e8 compatibile con qualsiasi modello di radiatore,\u00a0 vecchio o nuovo o che sia ricoperto da un copri termosifone o ubicato in spazi ridotti.[\/vc_column_text][\/vc_column][\/vc_row][vc_row css=&#8221;.vc_custom_1643024197999{padding-top: 35px !important;}&#8221;][vc_column][vc_column_text]<\/p>\n<h4>Autonomia di gestione<\/h4>\n<p>[\/vc_column_text][vc_single_image image=&#8221;3856&#8243; img_size=&#8221;full&#8221; css=&#8221;.vc_custom_1643362493515{margin-bottom: 15px !important;}&#8221;][vc_row_inner equal_height=&#8221;yes&#8221;][vc_column_inner width=&#8221;1\/4&#8243;][vc_single_image image=&#8221;4087&#8243; img_size=&#8221;full&#8221;][\/vc_column_inner][vc_column_inner width=&#8221;3\/4&#8243;][vc_column_text]La valvola termostatica \u00e8 una normalissima manopola di regolazione (testa termostatica), sulla quale sono iscritti dei numeri grazie ai quali \u00e8 possibile impostare la temperatura che si vuole raggiungere in ogni singolo ambiente; la valvola provveder\u00e0 automaticamente a mantenere costante la temperatura impostata, consentendo o meno l&#8217;afflusso dell&#8217;acqua calda all&#8217;interno del termosifone, che a sua volta scalder\u00e0 l&#8217;ambiente.<\/p>\n<p>Secondo il numero, e quindi la temperatura su cui abbiamo regolato la testa termostatica, se per esempio l&#8217;utente imposter\u00e0 la temperatura a 18\u00b0C, la valvola termostatica aprir\u00e0 l&#8217;afflusso dell&#8217;acqua, il termosifone si riscalder\u00e0, il ripartitore al raggiungimento delle condizioni\/temperature di partenza, comincer\u00e0 a quantificare sul display il consumo, e l&#8217;ambiente comincer\u00e0 a scaldarsi.[\/vc_column_text][\/vc_column_inner][\/vc_row_inner][vc_row_inner css=&#8221;.vc_custom_1643024251723{padding-top: 50px !important;}&#8221;][vc_column_inner][vc_single_image image=&#8221;4088&#8243; img_size=&#8221;full&#8221; alignment=&#8221;center&#8221;][\/vc_column_inner][\/vc_row_inner][vc_row_inner][vc_column_inner][vc_column_text]Al raggiungimento dei 18\u00b0C di temperatura dell&#8217;aria nella stanza (sia per effetto del termosifone che per qualsiasi altra fonte di calore), la valvola termostatica, sentita la temperatura ambiente, chiuder\u00e0 automaticamente l&#8217;afflusso dell&#8217;acqua all&#8217;interno del termosifone e quest&#8217;ultimo comincer\u00e0 a raffreddarsi, facendo inoltre fermare il ripartitore, che smetter\u00e0 di conteggiare il consumo, man mano che il termosifone inizier\u00e0 a raffreddarsi.<\/p>\n<p>In questo modo non sar\u00e0 pi\u00f9 necessario aprire le finestre per abbassare la temperatura negli ambienti (quindi continuare a raffreddare l&#8217;acqua che scalda la caldaia) gettando soldi dalla finestra.<\/p>\n<p>Va considerato che ogni volta che i radiatori si scaldano, la caldaia si accender\u00e0 per scaldare l&#8217;acqua, che a sua volta si raffredder\u00e0 per cedere il suo calore dal radiatore all&#8217;ambiente, tornando pi\u00f9 fredda nella caldaia, che sentendola tale continuer\u00e0 a rimanere accesa per scaldarla nuovamente e quindi consumer\u00e0 combustibile e denaro.<\/p>\n<p>Quando apriamo le finestre disperdiamo tutto il calore, raffreddando velocemente la stanza, di conseguenza si raffredder\u00e0 in modo maggiore e pi\u00f9 rapidamente l&#8217;acqua che abbiamo pagato per riscaldare.<\/p>\n<p>Grazie al funzionamento continuo e automatico delle valvole termostatiche, si ripristineranno eventuali sbilanciamenti di impianto, permettendo una migliore circolazione d&#8217;acqua calda anche gli ultimi piani che fino ad oggi spesso non hanno potuto usufruire al meglio di un soddisfacente sistema di riscaldamento.<\/p>\n<p>Questo perch\u00e9, chiudendosi le valvole nei piani meglio riscaldati (per esposizione, vicinanza alla caldaia o magari ubicati tra un appartamento e l&#8217;altro) la circolazione dell&#8217;acqua migliorer\u00e0 anche negli altri piani serviti.[\/vc_column_text][\/vc_column_inner][\/vc_row_inner][vc_row_inner][vc_column_inner width=&#8221;1\/4&#8243;][vc_single_image image=&#8221;4089&#8243; img_size=&#8221;full&#8221;][\/vc_column_inner][vc_column_inner width=&#8221;3\/4&#8243;][vc_column_text]In commercio esistono anche sistemi di termoregolazione programmabili, per programmare i giorni, gli orari e le temperature che si desiderano in una stanza. Questo tipo di valvole vengono chiamate <strong>cronotermostatiche<\/strong>, sono dei veri e propri programmatori per stabilire <strong>l&#8217;ora e i giorni<\/strong> in cui si desidera <strong>accendere e spegnere il singolo termosifone<\/strong>, programmando anche la <strong>temperatura<\/strong> da avere nelle stanze in cui sono installati. Si possono programmare uno per uno e vengono installati su ogni radiatore.[\/vc_column_text][\/vc_column_inner][\/vc_row_inner][\/vc_column][\/vc_row]<\/p>\n","protected":false},"excerpt":{"rendered":"<p>[vc_row][vc_column][vc_column_text] Impianti Gli impianti si dividono in impianti verticali A (a colonne montanti) e orizzontali B (a zona). Negli impianti a colonne montanti \u00e8 possibile installare solamente un sistema di termoregolazione, costituito da valvole termostatiche, e un sistema di ripartizione dei costi, ovvero il ripartitore di calore.[\/vc_column_text][vc_row_inner equal_height=&#8221;yes&#8221;][vc_column_inner width=&#8221;7\/12&#8243;][vc_single_image image=&#8221;4085&#8243; img_size=&#8221;full&#8221;][\/vc_column_inner][vc_column_inner width=&#8221;5\/12&#8243;][vc_column_text]Negli impianti a zona [&hellip;]<\/p>\n","protected":false},"author":1,"featured_media":0,"parent":0,"menu_order":0,"comment_status":"closed","ping_status":"closed","template":"","meta":[],"_links":{"self":[{"href":"https:\/\/www.contabilizzazionecalore.cloud\/index.php?rest_route=\/wp\/v2\/pages\/4082"}],"collection":[{"href":"https:\/\/www.contabilizzazionecalore.cloud\/index.php?rest_route=\/wp\/v2\/pages"}],"about":[{"href":"https:\/\/www.contabilizzazionecalore.cloud\/index.php?rest_route=\/wp\/v2\/types\/page"}],"author":[{"embeddable":true,"href":"https:\/\/www.contabilizzazionecalore.cloud\/index.php?rest_route=\/wp\/v2\/users\/1"}],"replies":[{"embeddable":true,"href":"https:\/\/www.contabilizzazionecalore.cloud\/index.php?rest_route=%2Fwp%2Fv2%2Fcomments&post=4082"}],"version-history":[{"count":13,"href":"https:\/\/www.contabilizzazionecalore.cloud\/index.php?rest_route=\/wp\/v2\/pages\/4082\/revisions"}],"predecessor-version":[{"id":4933,"href":"https:\/\/www.contabilizzazionecalore.cloud\/index.php?rest_route=\/wp\/v2\/pages\/4082\/revisions\/4933"}],"wp:attachment":[{"href":"https:\/\/www.contabilizzazionecalore.cloud\/index.php?rest_route=%2Fwp%2Fv2%2Fmedia&parent=4082"}],"curies":[{"name":"wp","href":"https:\/\/api.w.org\/{rel}","templated":true}]}}