{"id":4097,"date":"2022-01-24T13:41:53","date_gmt":"2022-01-24T12:41:53","guid":{"rendered":"http:\/\/dev.site.contabilizzatoricalore.it\/?page_id=4097"},"modified":"2022-02-04T14:37:17","modified_gmt":"2022-02-04T13:37:17","slug":"chi-siamo-4-2","status":"publish","type":"page","link":"https:\/\/www.contabilizzazionecalore.cloud\/?page_id=4097","title":{"rendered":"Ripartizione"},"content":{"rendered":"<p>[vc_row][vc_column][vc_column_text]<\/p>\n<h1>Ripartizione<\/h1>\n<p>I ripartitori di calore possono essere programmati in due modi: in sala unitaria o in scala prodotto.<\/p>\n<p>Nel primo caso tutti gli apparecchi in sede di installazione avranno gli stessi parametri, mentre il tecnico provveder\u00e0 contestualmente alla mappatura del radiatori. Successivamente dovranno essere elaborate, con il massimo dell\u2019attenzione e della cura, i dati rilevati negli appartamenti (coefficienti), che al momento della ripartizione saranno elaborati con i dati letti a display.<\/p>\n<p>Nel secondo caso, i dati risultanti dai rilievi\/mappature andranno elaborati e inseriti\/programmati nei ripartitori in sede di installazione o contrassegnando preventivamente ogni apparecchio, per definirne la successiva ubicazione.<\/p>\n<p>Un&#8217;attenzione particolare \u00e8 riservata alle <strong>tabelle dei coefficienti che devono essere di pubblico dominio<\/strong> per gli addetti ai lavori e non in un regime di monopolio che ne possa vincolare la lavorazione esclusiva. La stessa attenzione andr\u00e0 rivolta verso la scelta dell\u2019apparecchiatura, che deve essere di normale reperimento, utilizzo e assistenza per gli addetti ai lavori e non esclusiva e in un regime di monopolio che ne vincoli la libera commercializzazione ed utilizzo, con le conseguenze del caso sulla clientela e sui costi.<\/p>\n<p>Alla fine della stagione di riscaldamento, quando l\u2019impianto avr\u00e0 terminato il suo funzionamento, la societ\u00e0 che gestisce i conteggi, inizier\u00e0 il ciclo di letture e conteggio.<\/p>\n<p>Questo, a seconda del modello di ripartitore installato potr\u00e0 avvenire\u00a0 all\u2019<strong>interno<\/strong> degli appartamenti oppure dall&#8217;<strong>esterno<\/strong>, con apposite apparecchiature senza fili come centraline di raccolta dati, o con pc portatili o palmari (come previsto dalla norma UNI 834).<\/p>\n<p>Per effettuare la lettura degli apparecchi all&#8217;interno degli appartamenti, il letturista entrer\u00e0 in ogni appartamento, leggendo e controllando tutti i ripartitori per verificare (come previsto dalla norma UNI 834) il loro andamento durante la stagione trascorsa (compresi eventuali tentativi di manomissione o anomalie), annotandone la lettura nelle apposite schede di lettura.[\/vc_column_text][\/vc_column][\/vc_row][vc_row equal_height=&#8221;yes&#8221; css=&#8221;.vc_custom_1642611408741{padding-top: 25px !important;}&#8221;][vc_column][vc_column_text]<\/p>\n<h4>UNI 834 requisiti relativi alla manutenzione ed alla lettura del conteggio<\/h4>\n<p>[\/vc_column_text][vc_single_image image=&#8221;3856&#8243; img_size=&#8221;full&#8221; css=&#8221;.vc_custom_1643362374075{margin-bottom: 15px !important;}&#8221;][vc_column_text]\u201cQuando si effettua la lettura, i ripartitori dei costi di riscaldamento devono essere verificati in relazione alle loro condizioni generali, alla stabilit\u00e0 del loro fissaggio al radiatore, all&#8217;integrit\u00e0 del sigillo (se \u00e8 intatto o manomesso) e ad eventuali altri danni. Nell\u2019esecuzione della lettura annuale, si deve procedere ad un controllo del funzionamento in conformit\u00e0 a 5.10. Il risultato del controllo deve essere redatto in un verbale.\u201d[\/vc_column_text][\/vc_column][\/vc_row][vc_row][vc_column width=&#8221;2\/3&#8243;][vc_column_text]Come avviene la lettura degli apparecchi dall&#8217;esterno dagli appartamenti?<\/p>\n<p>Nel caso siano installati apparecchi in radiotrasmissione, il letturista legger\u00e0 e verificher\u00e0 tutti i dati rilevati e memorizzati mensilmente dalle centraline installate nei pianerottoli del condominio, comprese eventuali manipolazioni. Qualora siano state installate apparecchiature in radiotrasmissione ma senza l\u2019utilizzo di centraline, l\u2019operatore si recher\u00e0 presso lo stabile, con un sistema di ricezione radio portatile ed un pc portatile o palmare. Contemporaneamente, l\u2019Amministratore invier\u00e0 degli appositi prestampati, in cui dovranno essere indicati i costi sostenuti dal condominio per la gestione del riscaldamento della stagione passata, suddivisi per categorie di ripartizione e indicando le modalit\u00e0 di ripartizione scelte dai cond\u00f2mini, che poi verranno inviate alla societ\u00e0 incaricata.<br \/>\nQuesta elaborer\u00e0 tutti i dati per ogni singolo cond\u00f2mino, termosifone per termosifone, secondo le normative vigenti, creando una scheda individuale per ogni appartamento, in cui saranno riportati i valori elaborati e la conseguente spesa per ogni utente.[\/vc_column_text][\/vc_column][vc_column width=&#8221;1\/3&#8243;][vc_single_image image=&#8221;4101&#8243; img_size=&#8221;full&#8221;][\/vc_column][\/vc_row][vc_row css=&#8221;.vc_custom_1643029167588{padding-top: 25px !important;}&#8221;][vc_column width=&#8221;1\/3&#8243;][vc_single_image image=&#8221;4102&#8243; img_size=&#8221;full&#8221;][\/vc_column][vc_column width=&#8221;2\/3&#8243;][vc_column_text]I dati raccolti verranno anche riepilogati e poi inviati all\u2019Amministratore, che li distribuir\u00e0 ai singoli cond\u00f2mini.<\/p>\n<p>La ripartizione sar\u00e0 cos\u00ec sviluppata:<\/p>\n<p>verra effettuata una prima operazione di suddivisione della spesa, sulla somma totale da ripartire, <strong>servizio<\/strong> + <strong>combustibile<\/strong> o <strong>energia<\/strong> + <strong>accessori<\/strong>, secondo quanto disposto dall\u2019assemblea o in relazione alla norma tecnica di riferimento UNI 10200 (o quella svizzera o quella tedesca), che il condominio avr\u00e0 scelto preventivamente in assemblea di condominio, cos\u00ec da poter imputare i costi sostenuti , che verranno suddivisi in parte per tabella millesimale di riscaldamento per tutti i condomini, in parte ripartiti sulla base delle letture effettivamente effettuate ed elaborate dalle apparecchiature di contabilizzazione.[\/vc_column_text][\/vc_column][\/vc_row][vc_row][vc_column][vc_column_text]La quota a millesimi ha la caratteristica di compensare, armonizzare ed omologare i differenti comportamenti dei singoli inquilini in termini di utilizzo (residenziale, lavorativa), presenza abitativa ( saltuaria, continua ) e per il mantenimento dell\u2019uso comune; si deve tenere conto delle dispersioni termiche dell\u2019impianto e degli alloggi, per non andare a colpire e quindi discriminare le unit\u00e0 abitative pi\u00f9 sfortunate o peggio servite o chi ha pi\u00f9 bisogno di calore.<\/p>\n<p>La quota a consumo, viene applicata in base al consumo effettivamente registrato dai ripartitori elettronici\/contatori, tenendo conto di fattori come il tipo e la potenza del termosifone dove \u00e8 installato, l\u2019ubicazione, la tipologia di installazione e altri dati necessari per una corretta ed equa ripartizione della spesa.[\/vc_column_text][\/vc_column][\/vc_row][vc_row][vc_column][vc_column_text]<\/p>\n<h4>La ripartizione on line SURVEY<\/h4>\n<p>[\/vc_column_text][vc_single_image image=&#8221;3856&#8243; img_size=&#8221;full&#8221; css=&#8221;.vc_custom_1643362374075{margin-bottom: 15px !important;}&#8221;][vc_column_text]Disponiamo di un servizio dedicato agli amministratori condominiali, per\u00a0 accedere online ai servizi di ripartizione dei costi, direttamente dal pc o da uno smartphone, e interagire attivamente e in tempo reale con i sistemi di gestione, apportando variazioni e\/o integrazioni in piena autonomia.<\/p>\n<p>Il servizio potr\u00e0 essere aperto agli utenti solo in modalit\u00e0 di visualizzazione, garantendo una continua trasparenza verso tutti gli utenti, che potranno consultare solamente i propri consumi.<\/p>\n<p>Si potranno configurare\/personalizzare i servizi di lettura e visualizzazione dati, per poter aggiornare in modo costante i dati mensili e renderli visibili alle utenze, garantendo maggior controllo e trasparenza riguardo all&#8217;andamento dei consumi.<\/p>\n<p>Altro punto importante nell\u2019adozione della ripartizione del calore \u00e8 la <strong>flessibilit\u00e0 di adozione degli orari di riscaldamento<\/strong>.<\/p>\n<p>Per quanto riguarda l\u2019orario di accensione ed il funzionamento dell\u2019impianto termico centralizzato con termoregolazione e contabilizzazione individuale del calore, il riferimento legislativo \u00e8 il D.P.R. 412\/93, secondo le seguenti possibilit\u00e0:<\/p>\n<ul>\n<li>12 ore impostabili fra le 5.00 e le 23.00, se in centrale termica \u00e8 installata una centralina climatica con una sola curva di regolazione, che regola la temperatura di mandata dell\u2019acqua calda di riscaldamento in funzione della temperatura esterna.<\/li>\n<li>L\u2019erogazione del calore pu\u00f2 eccedere in termini di orario da quello previsto dalla normativa vigente (Roma=12 ore, Milano=14 ore), fino alle 24 ore, se \u00e8 installata una centralina climatica a due curve di regolazione, grazie alla quale \u00e8 possibile impostare un regime pieno (confort) =20+2\u00b0C ed un regime attenuato =16+2\u00b0C, a patto che la caldaia abbia un rendimento di combustione nei limiti di legge.<\/li>\n<\/ul>\n<p>Con particolari installazioni di sistemi di termoregolazione e contabilizzazione in centrale termica \u00e8 possibile ottenere, nel caso di impianto centralizzato che serva pi\u00f9 palazzine nelle quali ci siano anche differenti situazioni d\u2019uso (p.es. negozi, bar, discoteche, ecc.), erogazione di calore, contabilizzazione e ripartizione delle spese differenziate.<\/p>\n<p>Si pu\u00f2 inoltre <strong>contabilizzare e ripartire, ove ci sia, la produzione di acqua calda sanitaria centralizzata<\/strong>, <strong>o la produzione di acqua fredda per il condizionamento<\/strong>, sempre al fine di addebitare al singolo utente la giusta spesa.[\/vc_column_text][\/vc_column][\/vc_row]<\/p>\n","protected":false},"excerpt":{"rendered":"<p>[vc_row][vc_column][vc_column_text] Ripartizione I ripartitori di calore possono essere programmati in due modi: in sala unitaria o in scala prodotto. Nel primo caso tutti gli apparecchi in sede di installazione avranno gli stessi parametri, mentre il tecnico provveder\u00e0 contestualmente alla mappatura del radiatori. Successivamente dovranno essere elaborate, con il massimo dell\u2019attenzione e della cura, i dati [&hellip;]<\/p>\n","protected":false},"author":1,"featured_media":0,"parent":0,"menu_order":0,"comment_status":"closed","ping_status":"closed","template":"","meta":[],"_links":{"self":[{"href":"https:\/\/www.contabilizzazionecalore.cloud\/index.php?rest_route=\/wp\/v2\/pages\/4097"}],"collection":[{"href":"https:\/\/www.contabilizzazionecalore.cloud\/index.php?rest_route=\/wp\/v2\/pages"}],"about":[{"href":"https:\/\/www.contabilizzazionecalore.cloud\/index.php?rest_route=\/wp\/v2\/types\/page"}],"author":[{"embeddable":true,"href":"https:\/\/www.contabilizzazionecalore.cloud\/index.php?rest_route=\/wp\/v2\/users\/1"}],"replies":[{"embeddable":true,"href":"https:\/\/www.contabilizzazionecalore.cloud\/index.php?rest_route=%2Fwp%2Fv2%2Fcomments&post=4097"}],"version-history":[{"count":6,"href":"https:\/\/www.contabilizzazionecalore.cloud\/index.php?rest_route=\/wp\/v2\/pages\/4097\/revisions"}],"predecessor-version":[{"id":4945,"href":"https:\/\/www.contabilizzazionecalore.cloud\/index.php?rest_route=\/wp\/v2\/pages\/4097\/revisions\/4945"}],"wp:attachment":[{"href":"https:\/\/www.contabilizzazionecalore.cloud\/index.php?rest_route=%2Fwp%2Fv2%2Fmedia&parent=4097"}],"curies":[{"name":"wp","href":"https:\/\/api.w.org\/{rel}","templated":true}]}}