{"id":4109,"date":"2022-01-24T14:32:05","date_gmt":"2022-01-24T13:32:05","guid":{"rendered":"http:\/\/dev.site.contabilizzatoricalore.it\/?page_id=4109"},"modified":"2022-02-04T11:52:44","modified_gmt":"2022-02-04T10:52:44","slug":"chi-siamo-2-3-2","status":"publish","type":"page","link":"https:\/\/www.contabilizzazionecalore.cloud\/?page_id=4109","title":{"rendered":"Documentazione"},"content":{"rendered":"<p>[vc_row][vc_column][vc_column_text]<\/p>\n<h1>Documentazione<\/h1>\n<p>Consulting &amp; Service, <strong>leader nell\u2019importazione e nella vendita di sistemi di contabilizzazione del calore<\/strong>, svolge anche il servizio di installazione, conto terzi, dei ripartitori di calore, in proprio o tramite i nostri centri di assistenza. La nostra struttura tecnica svolge regolarmente corsi di <strong>aggiornamento<\/strong> sulle metodologie di installazione, mappatura radiatori, elaborazione coefficienti, atti alla formazione delle aziende manutentrici e installatrici presenti sul territorio.[\/vc_column_text][\/vc_column][\/vc_row][vc_row css=&#8221;.vc_custom_1643032209273{padding-top: 25px !important;}&#8221;][vc_column][vc_column_text]<\/p>\n<h4>Contabilizzazione del calore<\/h4>\n<p>[\/vc_column_text][vc_single_image image=&#8221;3856&#8243; img_size=&#8221;full&#8221; css=&#8221;.vc_custom_1643362991210{margin-bottom: 15px !important;}&#8221;][vc_column_text]La nostra azienda esegue il servizio di mappatura dei radiatori e installazione dei ripartitori di calore conto terzi o tramite centri assistenza, avendo rapporti tecnico-commerciali con le aziende manutentrici ed installatrici presenti nei condomini.[\/vc_column_text]\t<style>\n\t\t.porto-blockquote2016368627 blockquote { border-color: #eeeeee; }\n\t<\/style>\n\t<div class=\"porto-blockquote wpb_content_element  porto-blockquote2016368627\"><blockquote class=\" blockquote-reverse \"><p>Che tipo di intervento?<br \/>\nL\u2019installazione dei ripartitori di calore \u00e8 molto veloce e <strong>senza necessit\u00e0 di opere murarie o di forature<\/strong>.<\/p><\/blockquote><\/div>[vc_column_text]<\/p>\n<ol>\n<li>Si inizia l\u2019installazione dall\u2019ultimo piano del fabbricato e, via via, si scende fino al completamento di tutti gli appartamenti. All\u2019interno degli appartamenti si inizier\u00e0 l\u2019installazione dal primo termosifone a sinistra e, cos\u00ec proseguendo, in senso orario. Il tecnico compiler\u00e0 una scheda di mappatura per appartamento indicando il nominativo del proprietario\/inquilino, il numero telefonico, la scala, l\u2019interno, il locale dove \u00e8 ubicato il radiatore, le misure dello stesso, il materiale, la marca e il modello.<\/li>\n<li>Successivamente installer\u00e0\/fisser\u00e0 una piastrina in alluminio sul radiatore, mediante viti e sistemi di ancoraggio (la piastrina \u00e8 installabile su qualsiasi tipo di radiatore). Terminata tale operazione andr\u00e0 a innestare il ripartitore di calore sulla piastrina e inserir\u00e0 il sigillo di piombatura.<\/li>\n<li>Come ultima operazione si trascriver\u00e0 il numero di matricola del ripartitore installato, abbinato alle misure e caratteristiche del radiatore, raccolte in precedenza.<\/li>\n<\/ol>\n<p>[\/vc_column_text][\/vc_column][\/vc_row][vc_row css=&#8221;.vc_custom_1643032232254{padding-top: 25px !important;}&#8221;][vc_column][vc_column_text]<\/p>\n<h4>Termoregolazione<\/h4>\n<p>[\/vc_column_text][vc_single_image image=&#8221;3856&#8243; img_size=&#8221;full&#8221; css=&#8221;.vc_custom_1643362991210{margin-bottom: 15px !important;}&#8221;][vc_column_text]La nostra azienda nel corso di questi anni ha instaurato accordi tecnici e commerciali con quasi tutte le aziende installatrici e manutentrici presenti nei condomini di tutto il territorio nazionale, cercando di affidare l\u2019incarico di installazione ad <strong>aziende gi\u00e0 di fiducia dei cond\u00f2mini<\/strong> e delle amministrazioni condominiali, tenendole sempre aggiornate tecnicamente e commercialmente.[\/vc_column_text]\t<style>\n\t\t.porto-blockquote385534338 blockquote { border-color: #eeeeee; }\n\t<\/style>\n\t<div class=\"porto-blockquote wpb_content_element  porto-blockquote385534338\"><blockquote class=\" blockquote-reverse \"><p><em>Che tipo di intervento?<\/em><br \/>\nL\u2019installazione delle valvole termostatiche \u00e8 un&#8217;operazione di mera sostituzione di quelle esistenti gi\u00e0 installate sui radiatori.<\/p><\/blockquote><\/div>[vc_column_text]<\/p>\n<ol>\n<li>La prima operazione di fondamentale importanza sar\u00e0 effettuare un sopralluogo in tutti gli appartamenti, per la determinazione del numero di valvole da installare, la misura\/diametro, il modello e la tipologia (ogni appartamento pu\u00f2 avere delle diverse caratteristiche di arredamento, posizionamento; per questo motivo vi sono varie tipologie di valvole rispondenti a tutte le esigenze tecnico-impiantistiche).<\/li>\n<li>Successivamente, mediante avviso affisso nell\u2019androne del condominio, si proceder\u00e0 all\u2019installazione delle valvole negli appartamenti, avendo cura di iniziare dall\u2019ultimo piano dell\u2019edificio.<\/li>\n<li>All\u2019interno degli appartamenti verranno svitate le vecchie valvole presenti sulla destra o sinistra dei radiatori, nella parte superiore, poi si proceder\u00e0 ad avvitare i nuovi corpi valvola, e a provvedere alla loro guarnizione mediante materiali isolanti (teflon, canapa).<\/li>\n<li>La stessa operazione verr\u00e0 svolta per il detentore (la valvola posizionata sulla parte inferiore del radiatore).<\/li>\n<li>Per terminare l\u2019operazione di installazione, verranno avvitate le teste di regolazione delle temperature termostatiche sulle valvole, per poter dare all&#8217;utente la libert\u00e0 di regolare la temperatura ambiente desiderata.<\/li>\n<\/ol>\n<p>[\/vc_column_text][\/vc_column][\/vc_row][vc_row disable_element=&#8221;yes&#8221; css=&#8221;.vc_custom_1643634423200{padding-top: 25px !important;}&#8221;][vc_column][vc_raw_html]JTNDZGl2JTIwc3R5bGUlM0QlMjJwYWRkaW5nLWJvdHRvbSUzQSUyMDEwcHglM0IlMjIlM0UlMEElMjAlMjAlMjAlM0NhJTIwc3R5bGUlM0QlMjJjb2xvciUzQSUyMCUyMzAyNjA5NyUzQiUyMGZvbnQtd2VpZ2h0JTNBJTIwNjAwJTNCJTIwdGV4dC1kZWNvcmF0aW9uJTNBJTIwdW5kZXJsaW5lJTNCJTIyJTIwaHJlZiUzRCUyMiUyMyUyMiUzRSUzQ2ltZyUyMHNyYyUzRCUyMmh0dHBzJTNBJTJGJTJGd3d3LmNvbnRhYmlsaXp6YXppb25lY2Fsb3JlLmNsb3VkJTJGd3AtY29udGVudCUyRnVwbG9hZHMlMkYyMDIyJTJGMDElMkZkb3dubG9hZF9pYy5wbmclMjIlMjBzdHlsZSUzRCUyMm1hcmdpbi1yaWdodCUzQSUyMDEwcHglM0IlMjIlMjAlMkYlM0UlMjBEYXRpJTIwVGVjbmljaSUyMC0lMjBDb250YWJpbGl6emF0b3JlJTIwZGklMjBjYWxvcmUlMjAyMDElMjBTJTBBJTIwJTNDJTJGYSUzRSUwQSUzQyUyRmRpdiUzRSUwQSUzQ2RpdiUyMHN0eWxlJTNEJTIycGFkZGluZy1ib3R0b20lM0ElMjAxMHB4JTNCJTIyJTNFJTBBJTIwJTIwJTIwJTNDYSUyMHN0eWxlJTNEJTIyY29sb3IlM0ElMjAlMjMwMjYwOTclM0IlMjBmb250LXdlaWdodCUzQSUyMDYwMCUzQiUyMHRleHQtZGVjb3JhdGlvbiUzQSUyMHVuZGVybGluZSUzQiUyMiUyMGhyZWYlM0QlMjIlMjMlMjIlM0UlM0NpbWclMjBzcmMlM0QlMjJodHRwcyUzQSUyRiUyRnd3dy5jb250YWJpbGl6emF6aW9uZWNhbG9yZS5jbG91ZCUyRndwLWNvbnRlbnQlMkZ1cGxvYWRzJTJGMjAyMiUyRjAxJTJGZG93bmxvYWRfaWMucG5nJTIyJTIwc3R5bGUlM0QlMjJtYXJnaW4tcmlnaHQlM0ElMjAxMHB4JTNCJTIyJTIwJTJGJTNFRGF0aSUyMFRlY25pY2klMjAtJTIwQ29udGFiaWxpenphdG9yZSUyMGRpJTIwY2Fsb3JlJTIwMjAyJTIwUyUyRlIlM0MlMkZhJTNFJTBBJTNDJTJGZGl2JTNF[\/vc_raw_html][\/vc_column][\/vc_row]<\/p>\n","protected":false},"excerpt":{"rendered":"<p>[vc_row][vc_column][vc_column_text] Documentazione Consulting &amp; Service, leader nell\u2019importazione e nella vendita di sistemi di contabilizzazione del calore, svolge anche il servizio di installazione, conto terzi, dei ripartitori di calore, in proprio o tramite i nostri centri di assistenza. La nostra struttura tecnica svolge regolarmente corsi di aggiornamento sulle metodologie di installazione, mappatura radiatori, elaborazione coefficienti, atti [&hellip;]<\/p>\n","protected":false},"author":1,"featured_media":0,"parent":0,"menu_order":0,"comment_status":"closed","ping_status":"closed","template":"","meta":[],"_links":{"self":[{"href":"https:\/\/www.contabilizzazionecalore.cloud\/index.php?rest_route=\/wp\/v2\/pages\/4109"}],"collection":[{"href":"https:\/\/www.contabilizzazionecalore.cloud\/index.php?rest_route=\/wp\/v2\/pages"}],"about":[{"href":"https:\/\/www.contabilizzazionecalore.cloud\/index.php?rest_route=\/wp\/v2\/types\/page"}],"author":[{"embeddable":true,"href":"https:\/\/www.contabilizzazionecalore.cloud\/index.php?rest_route=\/wp\/v2\/users\/1"}],"replies":[{"embeddable":true,"href":"https:\/\/www.contabilizzazionecalore.cloud\/index.php?rest_route=%2Fwp%2Fv2%2Fcomments&post=4109"}],"version-history":[{"count":14,"href":"https:\/\/www.contabilizzazionecalore.cloud\/index.php?rest_route=\/wp\/v2\/pages\/4109\/revisions"}],"predecessor-version":[{"id":4930,"href":"https:\/\/www.contabilizzazionecalore.cloud\/index.php?rest_route=\/wp\/v2\/pages\/4109\/revisions\/4930"}],"wp:attachment":[{"href":"https:\/\/www.contabilizzazionecalore.cloud\/index.php?rest_route=%2Fwp%2Fv2%2Fmedia&parent=4109"}],"curies":[{"name":"wp","href":"https:\/\/api.w.org\/{rel}","templated":true}]}}