{"id":4130,"date":"2022-01-24T15:20:55","date_gmt":"2022-01-24T14:20:55","guid":{"rendered":"http:\/\/dev.site.contabilizzatoricalore.it\/?page_id=4130"},"modified":"2023-05-29T15:59:24","modified_gmt":"2023-05-29T13:59:24","slug":"homepage-2","status":"publish","type":"page","link":"https:\/\/www.contabilizzazionecalore.cloud\/?page_id=4130","title":{"rendered":"Prodotti"},"content":{"rendered":"<p>[vc_row][vc_column][vc_column_text]<\/p>\n<h1 style=\"text-align: center;\">Importazione e vendita diretta<\/h1>\n<p>[\/vc_column_text][vc_single_image image=&#8221;3856&#8243; img_size=&#8221;full&#8221; alignment=&#8221;center&#8221; css=&#8221;.vc_custom_1643363323023{margin-bottom: 15px !important;}&#8221;][vc_column_text]<\/p>\n<p style=\"text-align: center;\">La nostra selezione di prodotti importati in Italia direttamente dalle principali industrie di produzione<\/p>\n<p>[\/vc_column_text][\/vc_column][\/vc_row][vc_row equal_height=&#8221;yes&#8221;][vc_column][vc_row_inner equal_height=&#8221;yes&#8221; content_placement=&#8221;top&#8221;][vc_column_inner el_class=&#8221;csp-prodotti-column&#8221; width=&#8221;1\/2&#8243; offset=&#8221;vc_col-md-4 vc_col-xs-12&#8243;]<a class=\"porto-sicon-box-link\" href=\"https:\/\/www.contabilizzazionecalore.cloud\/?page_id=5147\" title='Contatori acqua'><div class=\"porto-sicon-box  vc_custom_1685357355659  wpb_custom_1fab83a72b2cc29d752a3f08eed2d0ad style_1 top-icon text-start\"><div class=\"porto-sicon-top\"><div id=\"porto-icon-154166112269ddc1fa10649\" class=\"porto-just-icon-wrapper porto-sicon-img porto-icon-pos-left\" style=\"font-size: 350px;margin-bottom:30px;\"><img class=\"img-icon\" alt=\"\" src=\"https:\/\/www.contabilizzazionecalore.cloud\/wp-content\/uploads\/2022\/01\/home_prodotto_acqua.jpg\" width=\"353\" height=\"264\" \/><\/div><\/div><div class=\"porto-sicon-header\" style=\"margin-bottom:25px;\"><h3 class=\"porto-sicon-title\" style=\"color:#333333;margin-bottom:10px;\">CONTATORI ACQUA<\/h3><p style=\"color:#333333;\">In linea -sopraintonaco - modulari<\/p><\/div> <!-- header --><div class=\"porto-sicon-description\" style=\"color:#333333;\">\n<p style=\"text-align: left;\"><span style=\"color: #026097;\">A CAPSULA QDS<br \/>\n<\/span><\/p>\n<p style=\"text-align: left;\"><span style=\"color: #026097;\">RADIO QDS<\/span><\/p>\n<p style=\"text-align: left;\"><span style=\"color: #026097;\">MECCANICI QDS<\/span><\/p>\n<p style=\"text-align: left;\"><span style=\"color: #026097;\">RADIO ENG<\/span><\/p>\n<p><\/div> <!-- description --><\/div><!-- porto-sicon-box --><\/a>[\/vc_column_inner][vc_column_inner width=&#8221;1\/2&#8243;]<a class=\"porto-sicon-box-link\" href=\"https:\/\/www.contabilizzazionecalore.cloud\/?page_id=5106\" title='Contatori calore'><div class=\"porto-sicon-box  vc_custom_1685356358271  wpb_custom_1fab83a72b2cc29d752a3f08eed2d0ad style_1 top-icon text-start\"><div class=\"porto-sicon-top\"><div id=\"porto-icon-150797039369ddc1fa109c4\" class=\"porto-just-icon-wrapper porto-sicon-img porto-icon-pos-left\" style=\"font-size: 350px;margin-bottom:30px;\"><img class=\"img-icon\" alt=\"\" src=\"https:\/\/www.contabilizzazionecalore.cloud\/wp-content\/uploads\/2022\/01\/home_prodotto_calore.jpg\" width=\"353\" height=\"264\" \/><\/div><\/div><div class=\"porto-sicon-header\" style=\"margin-bottom:25px;\"><h3 class=\"porto-sicon-title\" style=\"color:#333333;margin-bottom:10px;\">CONTATORI CALORE<\/h3><p style=\"color:#333333;\">compatti e split<\/p><\/div> <!-- header --><div class=\"porto-sicon-description\" style=\"color:#333333;\">\n<p style=\"text-align: left;\"><a href=\"https:\/\/www.contabilizzazionecalore.cloud\/?page_id=5106\"><span style=\"color: #026097;\">COMPATTI QDS<\/span><\/a><\/p>\n<p style=\"text-align: left;\"><a href=\"https:\/\/www.contabilizzazionecalore.cloud\/?page_id=5106\"><span style=\"color: #026097;\">SPLIT QDS<\/span><\/a><\/p>\n<p style=\"text-align: left;\"><a href=\"https:\/\/www.contabilizzazionecalore.cloud\/?page_id=5106\"><span style=\"color: #026097;\">COMPATTI ENG<\/span><\/a><\/p>\n<p style=\"text-align: left;\"><a href=\"https:\/\/www.contabilizzazionecalore.cloud\/?page_id=5106\"><span style=\"color: #026097;\">SPLIT ENG<\/span><\/a><\/p>\n<p><\/div> <!-- description --><\/div><!-- porto-sicon-box --><\/a>[\/vc_column_inner][\/vc_row_inner][vc_row_inner equal_height=&#8221;yes&#8221; content_placement=&#8221;top&#8221;][vc_column_inner el_class=&#8221;csp-prodotti-column&#8221; width=&#8221;1\/2&#8243; offset=&#8221;vc_col-md-4 vc_col-xs-12&#8243;]<a class=\"porto-sicon-box-link\" href=\"https:\/\/www.contabilizzazionecalore.cloud\/?page_id=5177\" title='Centrali raccolta dati'><div class=\"porto-sicon-box  vc_custom_1685367372341  wpb_custom_1fab83a72b2cc29d752a3f08eed2d0ad style_1 top-icon text-start\"><div class=\"porto-sicon-top\"><div id=\"porto-icon-24751257569ddc1fa10c2a\" class=\"porto-just-icon-wrapper porto-sicon-img porto-icon-pos-left\" style=\"font-size: 350px;margin-bottom:30px;\"><img class=\"img-icon\" alt=\"\" src=\"https:\/\/www.contabilizzazionecalore.cloud\/wp-content\/uploads\/2022\/01\/home_prodotto_software.jpg\" width=\"353\" height=\"264\" \/><\/div><\/div><div class=\"porto-sicon-header\" style=\"margin-bottom:25px;\"><h3 class=\"porto-sicon-title\" style=\"color:#333333;margin-bottom:10px;\">CENTRALI RACCOLTA DATI<\/h3><p style=\"color:#333333;\">centrali e gateway<\/p><\/div> <!-- header --><\/div><!-- porto-sicon-box --><\/a>[\/vc_column_inner][vc_column_inner width=&#8221;1\/2&#8243;]<a class=\"porto-sicon-box-link\" href=\"https:\/\/www.contabilizzazionecalore.cloud\/?page_id=5165\" title='Contatori acqua'><div class=\"porto-sicon-box  vc_custom_1685368720614  wpb_custom_1fab83a72b2cc29d752a3f08eed2d0ad style_1 top-icon text-start\"><div class=\"porto-sicon-top\"><div id=\"porto-icon-118795616069ddc1fa10e7c\" class=\"porto-just-icon-wrapper porto-sicon-img porto-icon-pos-left\" style=\"font-size: 350px;margin-bottom:30px;\"><img class=\"img-icon\" alt=\"\" src=\"https:\/\/www.contabilizzazionecalore.cloud\/wp-content\/uploads\/2023\/05\/RIPARTITORI-QDS-ENG-ok-1.jpg\" width=\"353\" height=\"264\" \/><\/div><\/div><div class=\"porto-sicon-header\" style=\"margin-bottom:25px;\"><h3 class=\"porto-sicon-title\" style=\"color:#333333;margin-bottom:10px;\">RIPARTITORI DI CALORE<\/h3><p style=\"color:#333333;\">QDS e ENG<\/p><\/div> <!-- header --><\/div><!-- porto-sicon-box --><\/a>[\/vc_column_inner][\/vc_row_inner][vc_row_inner][vc_column_inner width=&#8221;1\/2&#8243;]<div class=\"porto-sicon-box  vc_custom_1685368699079  wpb_custom_1efe903570d178ff0a9b7bfa5febd3a4 style_1 default-icon flex-wrap\"><div class=\"porto-sicon-default\"><div id=\"porto-icon-145886105269ddc1fa110d0\" class=\"porto-just-icon-wrapper porto-sicon-img\" style=\"font-size: 350px;margin-bottom:30px;\"><img class=\"img-icon\" alt=\"\" src=\"https:\/\/www.contabilizzazionecalore.cloud\/wp-content\/uploads\/2023\/05\/Accessori-immagine.jpg\" width=\"353\" height=\"264\" \/><\/div><\/div><div class=\"porto-sicon-header\" style=\"margin-bottom:25px;\"><h3 class=\"porto-sicon-title\" style=\"color:#000000;margin-bottom:10px;\">ACCESSORI<\/h3><\/div> <!-- header --><div class=\"porto-sicon-description\" style=\"color:#000000;\"><span style=\"color: #026097;\">APPARECCHIATURE PER LETTURA<\/span><\/p>\n<p><span style=\"color: #026097;\">PER CONTATORI ACQUA<\/span><\/p>\n<p><span style=\"color: #026097;\">PER CONTATORI CALORE COMPATTI<\/span><\/p>\n<p><span style=\"color: #026097;\">PER CONTATORI CALORE SPLIT<\/span><\/p>\n<p><span style=\"color: #026097;\">PER RIPARTITORI CALORE<\/span><\/p>\n<p><span style=\"color: #026097;\">MODULI PER CONTATORI ACQUA<\/span><\/p>\n<p><span style=\"color: #026097;\">MODULI PER CONTATORI CALORE<\/span><\/div> <!-- description --><\/div><!-- porto-sicon-box -->[\/vc_column_inner][\/vc_row_inner][\/vc_column][\/vc_row][vc_row full_width=&#8221;stretch_row&#8221; equal_height=&#8221;yes&#8221; content_placement=&#8221;middle&#8221; el_class=&#8221;csp-background-row&#8221; css=&#8221;.vc_custom_1643114601201{margin-top: 25px !important;padding-top: 50px !important;padding-bottom: 50px !important;background-color: #f5f5f5 !important;}&#8221;][vc_column width=&#8221;2\/3&#8243;][vc_column_text css=&#8221;.vc_custom_1643114723901{margin-bottom: 0px !important;}&#8221;]<\/p>\n<h3>Vuoi saperne di pi\u00f9? <span style=\"color: #026097;\">Richiedi un preventivo!<\/span><\/h3>\n<h5>Inoltra la tu richiesta di preventivo per l&#8217;installazione del sistema di contabilizzazione del calore.<\/h5>\n<p>[\/vc_column_text][\/vc_column][vc_column width=&#8221;1\/3&#8243; remove_margin_bottom=&#8221;yes&#8221; css=&#8221;.vc_custom_1643114688141{margin-top: 25px !important;}&#8221;]<div class=\"porto-btn-ctn-left csp-button-homepage-container\"><a class=\"porto-btn  vc_custom_1643114804666 porto-adjust-bottom-margin porto-btn-custom porto-btn-no-hover-bg  wpb_custom_83c9d8fd8a17438e2959080467653a63  porto-btn-left csp-button-homepage-container\" data-hover=\"\" data-border-color=\"\" data-bg=\"#026097\" data-hover-bg=\"\" data-border-hover=\"\" data-shadow-click=\"none\" data-shadow=\"\" style=\"width:200px;min-height:50px;line-height:49px;border:none;background: #026097;color: #ffffff;\"><span class=\"porto-btn-hover\"><\/span><span class=\"porto-btn-data porto-btn-text \" >Invia richiesta<\/span><\/a><\/div>[\/vc_column][\/vc_row][vc_row css=&#8221;.vc_custom_1643116187102{padding-top: 25px !important;}&#8221;][vc_column][vc_column_text]<\/p>\n<h4>Forniture e servizi<\/h4>\n<p>[\/vc_column_text][vc_single_image image=&#8221;3856&#8243; img_size=&#8221;full&#8221; css=&#8221;.vc_custom_1643363360301{margin-bottom: 15px !important;}&#8221;][vc_column_text]Da circa vent&#8217;anni Consulting &amp; Service Srl \u00e8 impegnata attivamente nelle forniture e servizi per il <strong>risparmio energetico<\/strong> e da oltre quindici anni importa in Italia, direttamente dalle principali industrie produttrici, apparecchiature specifiche di alta fattura, per offrire servizi sempre all\u2019avanguardia, rispettando <strong>standard qualitativi elevati<\/strong>, garantendo risultati concreti e significativi.<\/p>\n<p>Dopo un attenta, costante e continua analisi di mercato abbiamo selezionato apparecchiature <strong>modulari ed espansibili, <\/strong>adatte per configurazioni esigenti, dando cos\u00ec la possibilit\u00e0 alla nostra clientela di poter acquistare un prodotto di alta qualit\u00e0 con determinate caratteristiche economiche e di funzionamento. Nel tempo, in modo molto semplice ed economico, questa dotazione potr\u00e0 essere ampliata o modificata secondo il variare delle proprie necessit\u00e0,<strong> senza per questo aver dovuto sostituire tutta l\u2019apparecchiatura <\/strong>e senza sprecando risorse economiche pur rimanendo al passo con i suoi tempi.<\/p>\n<p>Dal 2004 ad oggi, grazie alla continua ricerca di nuovi partner per rispondere ad un mercato in crescita ed esigente, importiamo apparecchiature tecnologicamente all\u2019avanguardia, dai sistemi di Termoregolazione, Strumenti di Misura per Contabilizzazione di Calore, Acqua, Heating Box, Satelliti di Utenza, Prodotti per il trattamento delle Acque, Pannelli solari, Strumentazione di Regolazione, Controllo Telegestione, Pompe e Circolatori elettronici.<\/p>\n<p>Organizziamo periodicamente corsi Tecnici per le Aziende operanti nel settore che vogliano entrare a far parte della nostra rete di Concessionari, Rivenditori e C.T.A.<\/p>\n<p>In commercio esistono migliaia di prodotti, ma ognuno di essi ha delle caratteristiche che lo contraddistinguono dagli altri, la nostra azienda nel corso degli anni ha svolto ricerche accurate e prove tecniche, ricercando i prodotti tecnologicamente pi\u00f9 avanzati e con un rapporto qualit\u00e0 prezzo che supera la norma. <strong>La struttura commerciale ricerca il prodotto pi\u00f9 congruo alle vostre richieste<\/strong>, proponendovi soluzioni che riflettono standard qualitativi elevati, ogni richiesta di prodotti al di fuori di quelli presenti nel nostro catalogo viene gestita con la massima scrupolosit\u00e0 per esaudire sempre al meglio le richieste dei clienti.<\/p>\n<p>Grazie al rapporto instaurato nel corso degli anni con le singole industrie costruttrici, operiamo un\u2019importazione diretta, riuscendo cos\u00ec a proporre prodotti di alta qualit\u00e0 a costi contenuti, sistemi di contabilizzazione di calore quali contatori di calore, ripartitori di calore, contatori d\u2019acqua, sistemi di telelettura, tutte apparecchiature costruite da industrie tedesche ed <strong>omologate secondo gli standard pi\u00f9 rigidi<\/strong> derivanti da quaranta anni di attivit\u00e0 nei paesi d&#8217;oltralpe dove questi sistemi sono da tempo obbligatori, testati dalla PTB e marcati CE.[\/vc_column_text]<ul id=\"porto-info-list92615102569ddc1fa111c8\" class=\"porto-info-list \"><li class=\"porto-info-list-item\"><img class=\"porto-info-icon\" src=\"https:\/\/www.contabilizzazionecalore.cloud\/wp-content\/uploads\/2022\/01\/check_icon.png\" width=\"14\" height=\"14\" alt=\"\" \/><div class=\"porto-info-list-item-desc\" style=\"font-size: 14px;\">Ripartitori di calore<\/div><\/li><li class=\"porto-info-list-item\"><img class=\"porto-info-icon\" src=\"https:\/\/www.contabilizzazionecalore.cloud\/wp-content\/uploads\/2022\/01\/check_icon.png\" width=\"14\" height=\"14\" alt=\"\" \/><div class=\"porto-info-list-item-desc\" style=\"font-size: 14px;\">Contatori di calore<\/div><\/li><li class=\"porto-info-list-item\"><img class=\"porto-info-icon\" src=\"https:\/\/www.contabilizzazionecalore.cloud\/wp-content\/uploads\/2022\/01\/check_icon.png\" width=\"14\" height=\"14\" alt=\"\" \/><div class=\"porto-info-list-item-desc\" style=\"font-size: 14px;\">Contatori Acqua \u2013 in linea \u2013 sopraintonaco \u2013 modulari<\/div><\/li><li class=\"porto-info-list-item\"><img class=\"porto-info-icon\" src=\"https:\/\/www.contabilizzazionecalore.cloud\/wp-content\/uploads\/2022\/01\/check_icon.png\" width=\"14\" height=\"14\" alt=\"\" \/><div class=\"porto-info-list-item-desc\" style=\"font-size: 14px;\">Moduli di trasmissione in radiofrequenza AMR e Walk-By per Contatori di Calore \u2013 Acqua &#8211; Gas &#8211; Energia elettrica<\/div><\/li><li class=\"porto-info-list-item\"><img class=\"porto-info-icon\" src=\"https:\/\/www.contabilizzazionecalore.cloud\/wp-content\/uploads\/2022\/01\/check_icon.png\" width=\"14\" height=\"14\" alt=\"\" \/><div class=\"porto-info-list-item-desc\" style=\"font-size: 14px;\">Ricevitori \u2013 Centrali raccolta dati \u2013, M-BUS, Lancia Impulsi<\/div><\/li><li class=\"porto-info-list-item\"><img class=\"porto-info-icon\" src=\"https:\/\/www.contabilizzazionecalore.cloud\/wp-content\/uploads\/2022\/01\/check_icon.png\" width=\"14\" height=\"14\" alt=\"\" \/><div class=\"porto-info-list-item-desc\" style=\"font-size: 14px;\">Centrali raccolta dati &#8211; Concentratori in Radiofrequenza con Modem GSM \u2013 IP &#8211; incorporati<\/div><\/li><li class=\"porto-info-list-item\"><img class=\"porto-info-icon\" src=\"https:\/\/www.contabilizzazionecalore.cloud\/wp-content\/uploads\/2022\/01\/check_icon.png\" width=\"14\" height=\"14\" alt=\"\" \/><div class=\"porto-info-list-item-desc\" style=\"font-size: 14px;\">Sistemi di Termoregolazione<\/div><\/li><li class=\"porto-info-list-item\"><img class=\"porto-info-icon\" src=\"https:\/\/www.contabilizzazionecalore.cloud\/wp-content\/uploads\/2022\/01\/check_icon.png\" width=\"14\" height=\"14\" alt=\"\" \/><div class=\"porto-info-list-item-desc\" style=\"font-size: 14px;\">Strumenti di Misura<\/div><\/li><li class=\"porto-info-list-item\"><img class=\"porto-info-icon\" src=\"https:\/\/www.contabilizzazionecalore.cloud\/wp-content\/uploads\/2022\/01\/check_icon.png\" width=\"14\" height=\"14\" alt=\"\" \/><div class=\"porto-info-list-item-desc\" style=\"font-size: 14px;\">Heating Box<\/div><\/li><li class=\"porto-info-list-item\"><img class=\"porto-info-icon\" src=\"https:\/\/www.contabilizzazionecalore.cloud\/wp-content\/uploads\/2022\/01\/check_icon.png\" width=\"14\" height=\"14\" alt=\"\" \/><div class=\"porto-info-list-item-desc\" style=\"font-size: 14px;\">Satelliti di Utenza<\/div><\/li><li class=\"porto-info-list-item\"><img class=\"porto-info-icon\" src=\"https:\/\/www.contabilizzazionecalore.cloud\/wp-content\/uploads\/2022\/01\/check_icon.png\" width=\"14\" height=\"14\" alt=\"\" \/><div class=\"porto-info-list-item-desc\" style=\"font-size: 14px;\">Prodotti per il trattamento delle Acque<\/div><\/li><li class=\"porto-info-list-item\"><img class=\"porto-info-icon\" src=\"https:\/\/www.contabilizzazionecalore.cloud\/wp-content\/uploads\/2022\/01\/check_icon.png\" width=\"14\" height=\"14\" alt=\"\" \/><div class=\"porto-info-list-item-desc\" style=\"font-size: 14px;\">Pannelli solari<\/div><\/li><li class=\"porto-info-list-item\"><img class=\"porto-info-icon\" src=\"https:\/\/www.contabilizzazionecalore.cloud\/wp-content\/uploads\/2022\/01\/check_icon.png\" width=\"14\" height=\"14\" alt=\"\" \/><div class=\"porto-info-list-item-desc\" style=\"font-size: 14px;\">Strumentazione di Regolazione<\/div><\/li><li class=\"porto-info-list-item\"><img class=\"porto-info-icon\" src=\"https:\/\/www.contabilizzazionecalore.cloud\/wp-content\/uploads\/2022\/01\/check_icon.png\" width=\"14\" height=\"14\" alt=\"\" \/><div class=\"porto-info-list-item-desc\" style=\"font-size: 14px;\">Controllo Telegestione<\/div><\/li><li class=\"porto-info-list-item\"><img class=\"porto-info-icon\" src=\"https:\/\/www.contabilizzazionecalore.cloud\/wp-content\/uploads\/2022\/01\/check_icon.png\" width=\"14\" height=\"14\" alt=\"\" \/><div class=\"porto-info-list-item-desc\" style=\"font-size: 14px;\">Pompe e Circolatori elettronici<\/div><\/li><\/ul>[\/vc_column][\/vc_row]<\/p>\n","protected":false},"excerpt":{"rendered":"<p>[vc_row][vc_column][vc_column_text] Importazione e vendita diretta [\/vc_column_text][vc_single_image image=&#8221;3856&#8243; img_size=&#8221;full&#8221; alignment=&#8221;center&#8221; css=&#8221;.vc_custom_1643363323023{margin-bottom: 15px !important;}&#8221;][vc_column_text] La nostra selezione di prodotti importati in Italia direttamente dalle principali industrie di produzione [\/vc_column_text][\/vc_column][\/vc_row][vc_row equal_height=&#8221;yes&#8221;][vc_column][vc_row_inner equal_height=&#8221;yes&#8221; content_placement=&#8221;top&#8221;][vc_column_inner el_class=&#8221;csp-prodotti-column&#8221; width=&#8221;1\/2&#8243; offset=&#8221;vc_col-md-4 vc_col-xs-12&#8243;][\/vc_column_inner][vc_column_inner width=&#8221;1\/2&#8243;][\/vc_column_inner][\/vc_row_inner][vc_row_inner equal_height=&#8221;yes&#8221; content_placement=&#8221;top&#8221;][vc_column_inner el_class=&#8221;csp-prodotti-column&#8221; width=&#8221;1\/2&#8243; offset=&#8221;vc_col-md-4 vc_col-xs-12&#8243;][\/vc_column_inner][vc_column_inner width=&#8221;1\/2&#8243;][\/vc_column_inner][\/vc_row_inner][vc_row_inner][vc_column_inner width=&#8221;1\/2&#8243;][\/vc_column_inner][\/vc_row_inner][\/vc_column][\/vc_row][vc_row full_width=&#8221;stretch_row&#8221; equal_height=&#8221;yes&#8221; content_placement=&#8221;middle&#8221; el_class=&#8221;csp-background-row&#8221; css=&#8221;.vc_custom_1643114601201{margin-top: 25px !important;padding-top: 50px !important;padding-bottom: 50px !important;background-color: #f5f5f5 [&hellip;]<\/p>\n","protected":false},"author":1,"featured_media":0,"parent":0,"menu_order":0,"comment_status":"closed","ping_status":"closed","template":"","meta":[],"_links":{"self":[{"href":"https:\/\/www.contabilizzazionecalore.cloud\/index.php?rest_route=\/wp\/v2\/pages\/4130"}],"collection":[{"href":"https:\/\/www.contabilizzazionecalore.cloud\/index.php?rest_route=\/wp\/v2\/pages"}],"about":[{"href":"https:\/\/www.contabilizzazionecalore.cloud\/index.php?rest_route=\/wp\/v2\/types\/page"}],"author":[{"embeddable":true,"href":"https:\/\/www.contabilizzazionecalore.cloud\/index.php?rest_route=\/wp\/v2\/users\/1"}],"replies":[{"embeddable":true,"href":"https:\/\/www.contabilizzazionecalore.cloud\/index.php?rest_route=%2Fwp%2Fv2%2Fcomments&post=4130"}],"version-history":[{"count":64,"href":"https:\/\/www.contabilizzazionecalore.cloud\/index.php?rest_route=\/wp\/v2\/pages\/4130\/revisions"}],"predecessor-version":[{"id":5213,"href":"https:\/\/www.contabilizzazionecalore.cloud\/index.php?rest_route=\/wp\/v2\/pages\/4130\/revisions\/5213"}],"wp:attachment":[{"href":"https:\/\/www.contabilizzazionecalore.cloud\/index.php?rest_route=%2Fwp%2Fv2%2Fmedia&parent=4130"}],"curies":[{"name":"wp","href":"https:\/\/api.w.org\/{rel}","templated":true}]}}